{"id":91,"date":"2020-10-25T13:41:15","date_gmt":"2020-10-25T12:41:15","guid":{"rendered":"http:\/\/dev.yngsjobrodden.com\/?page_id=91"},"modified":"2024-06-09T18:28:19","modified_gmt":"2024-06-09T16:28:19","slug":"produkt","status":"publish","type":"page","link":"https:\/\/yngsjobrodden.com\/?page_id=91","title":{"rendered":"Produkt"},"content":{"rendered":"\n<p>Yngsj\u00f6brodden \u00e4r en varum\u00e4rkesskyddad halkbrodd f\u00f6r bra grepp i sn\u00f6 och is som<\/p>\n\n\n\n<ul class=\"wp-block-list\">\n<li>passar de flesta skor och skostorlekar och \u00e4r l\u00e4tt att ta p\u00e5 och av<\/li>\n\n\n\n<li>har justerbar framrem<\/li>\n\n\n\n<li>tar liten plats i fickan eller i v\u00e4skan n\u00e4r den inte anv\u00e4nds<\/li>\n\n\n\n<li>\u00e4r tillverkad av rostfritt st\u00e5l med remmar i slitstarkt och v\u00e4derbest\u00e4ndigt gummi<\/li>\n<\/ul>\n\n\n\n<p> Yngsj\u00f6brodden levereras till n\u00e4rmsta postombud eller direkt hem till er.<\/p>\n\n\n<div class=\"wp-block-image\">\n<figure class=\"alignright size-large is-resized\"><img loading=\"lazy\" decoding=\"async\" width=\"500\" height=\"425\" src=\"http:\/\/dev.yngsjobrodden.com\/wp-content\/uploads\/2020\/10\/Photo-bw-small-3.jpg\" alt=\"\" class=\"wp-image-110\" style=\"width:125px;height:106px\" srcset=\"https:\/\/yngsjobrodden.com\/wp-content\/uploads\/2020\/10\/Photo-bw-small-3.jpg 500w, https:\/\/yngsjobrodden.com\/wp-content\/uploads\/2020\/10\/Photo-bw-small-3-300x255.jpg 300w\" sizes=\"(max-width: 500px) 100vw, 500px\" \/><\/figure><\/div>\n\n\n<p><\/p>\n\n\n<div id=\"themify_builder_content-91\" data-postid=\"91\" class=\"themify_builder_content themify_builder_content-91 themify_builder\">\n    <\/div>\n\n\n\n\n<p><\/p>\n","protected":false},"excerpt":{"rendered":"<p>Yngsj\u00f6brodden \u00e4r en varum\u00e4rkesskyddad halkbrodd f\u00f6r bra grepp i sn\u00f6 och is som Yngsj\u00f6brodden levereras till n\u00e4rmsta postombud eller direkt hem till er.<\/p>\n","protected":false},"author":1,"featured_media":0,"parent":0,"menu_order":0,"comment_status":"closed","ping_status":"closed","template":"","meta":{"footnotes":""},"class_list":["post-91","page","type-page","status-publish","hentry","has-post-title","has-post-date","has-post-category","has-post-tag","has-post-comment","has-post-author",""],"builder_content":"","_links":{"self":[{"href":"https:\/\/yngsjobrodden.com\/index.php?rest_route=\/wp\/v2\/pages\/91"}],"collection":[{"href":"https:\/\/yngsjobrodden.com\/index.php?rest_route=\/wp\/v2\/pages"}],"about":[{"href":"https:\/\/yngsjobrodden.com\/index.php?rest_route=\/wp\/v2\/types\/page"}],"author":[{"embeddable":true,"href":"https:\/\/yngsjobrodden.com\/index.php?rest_route=\/wp\/v2\/users\/1"}],"replies":[{"embeddable":true,"href":"https:\/\/yngsjobrodden.com\/index.php?rest_route=%2Fwp%2Fv2%2Fcomments&post=91"}],"version-history":[{"count":24,"href":"https:\/\/yngsjobrodden.com\/index.php?rest_route=\/wp\/v2\/pages\/91\/revisions"}],"predecessor-version":[{"id":311,"href":"https:\/\/yngsjobrodden.com\/index.php?rest_route=\/wp\/v2\/pages\/91\/revisions\/311"}],"wp:attachment":[{"href":"https:\/\/yngsjobrodden.com\/index.php?rest_route=%2Fwp%2Fv2%2Fmedia&parent=91"}],"curies":[{"name":"wp","href":"https:\/\/api.w.org\/{rel}","templated":true}]}}