{"id":81,"date":"2020-10-25T13:25:52","date_gmt":"2020-10-25T12:25:52","guid":{"rendered":"http:\/\/dev.yngsjobrodden.com\/?page_id=81"},"modified":"2020-12-02T22:28:11","modified_gmt":"2020-12-02T21:28:11","slug":"historia","status":"publish","type":"page","link":"https:\/\/yngsjobrodden.com\/?page_id=81","title":{"rendered":"Historia"},"content":{"rendered":"\n<div class=\"wp-block-image\"><figure class=\"alignleft size-large is-resized\"><img loading=\"lazy\" decoding=\"async\" src=\"http:\/\/dev.yngsjobrodden.com\/wp-content\/uploads\/2020\/10\/Walk-on-beach-bw-resized-1-857x1024.jpg\" alt=\"\" class=\"wp-image-177\" width=\"214\" height=\"256\" srcset=\"https:\/\/yngsjobrodden.com\/wp-content\/uploads\/2020\/10\/Walk-on-beach-bw-resized-1-857x1024.jpg 857w, https:\/\/yngsjobrodden.com\/wp-content\/uploads\/2020\/10\/Walk-on-beach-bw-resized-1-251x300.jpg 251w, https:\/\/yngsjobrodden.com\/wp-content\/uploads\/2020\/10\/Walk-on-beach-bw-resized-1-768x918.jpg 768w, https:\/\/yngsjobrodden.com\/wp-content\/uploads\/2020\/10\/Walk-on-beach-bw-resized-1-1285x1536.jpg 1285w, https:\/\/yngsjobrodden.com\/wp-content\/uploads\/2020\/10\/Walk-on-beach-bw-resized-1-1713x2048.jpg 1713w\" sizes=\"(max-width: 214px) 100vw, 214px\" \/><\/figure><\/div>\n\n\n\n<p>Utvecklingen av brodden b\u00f6rjade p\u00e5 70-talet genom att Stig Karlsson omvandlade sin ide till en f\u00e4rdig produkt. Test och utv\u00e4rdering av produkten skedde under &#8221;h\u00e5rda&#8221; f\u00f6rh\u00e5llanden p\u00e5 stranden i Yngsj\u00f6 Havsbad med hj\u00e4lp av hustrun Solveig. Efter patentering av produkten lanserades Yngsj\u00f6brodden under vinters\u00e4songen 1977-78.  \u00c4ven om produkten har m\u00e5nga likheter med ursprungsprodukten har alla delarna f\u00f6rb\u00e4ttrats genom \u00e5ren efter noggranna vetenskapliga tester. Utvecklingen forts\u00e4tter med nya f\u00f6rb\u00e4ttringar f\u00f6r att erbjuda det mest prisv\u00e4rda halkskyddet p\u00e5 marknaden. Yngsj\u00f6brodden har levererats i mer \u00e4n 2 miljoner exemplar till apotek, skofackhandel, sportbutiker, varuhus, sjukv\u00e5rdsbutiker mm i ett tiotal l\u00e4nder.<\/p>\n\n\n\n<div class=\"wp-block-image\"><figure class=\"alignright size-large is-resized\"><img loading=\"lazy\" decoding=\"async\" src=\"http:\/\/dev.yngsjobrodden.com\/wp-content\/uploads\/2020\/10\/Photo-bw-small-4.jpg\" alt=\"\" class=\"wp-image-112\" width=\"125\" height=\"106\" srcset=\"https:\/\/yngsjobrodden.com\/wp-content\/uploads\/2020\/10\/Photo-bw-small-4.jpg 500w, https:\/\/yngsjobrodden.com\/wp-content\/uploads\/2020\/10\/Photo-bw-small-4-300x255.jpg 300w, https:\/\/yngsjobrodden.com\/wp-content\/uploads\/2020\/10\/Photo-bw-small-4-978x831.jpg 978w\" sizes=\"(max-width: 125px) 100vw, 125px\" \/><\/figure><\/div>\n\n\n\n<p><\/p>\n\n\n<div id=\"themify_builder_content-81\" data-postid=\"81\" class=\"themify_builder_content themify_builder_content-81 themify_builder\">\n    <\/div>\n\n","protected":false},"excerpt":{"rendered":"<p>Utvecklingen av brodden b\u00f6rjade p\u00e5 70-talet genom att Stig Karlsson omvandlade sin ide till en f\u00e4rdig produkt. Test och utv\u00e4rdering av produkten skedde under &#8221;h\u00e5rda&#8221; f\u00f6rh\u00e5llanden p\u00e5 stranden i Yngsj\u00f6 Havsbad med hj\u00e4lp av hustrun Solveig. Efter patentering av produkten lanserades Yngsj\u00f6brodden under vinters\u00e4songen 1977-78. \u00c4ven om produkten har m\u00e5nga likheter med ursprungsprodukten har alla [&hellip;]<\/p>\n","protected":false},"author":1,"featured_media":0,"parent":0,"menu_order":0,"comment_status":"closed","ping_status":"closed","template":"","meta":{"footnotes":""},"class_list":["post-81","page","type-page","status-publish","hentry","has-post-title","has-post-date","has-post-category","has-post-tag","has-post-comment","has-post-author",""],"builder_content":"","_links":{"self":[{"href":"https:\/\/yngsjobrodden.com\/index.php?rest_route=\/wp\/v2\/pages\/81"}],"collection":[{"href":"https:\/\/yngsjobrodden.com\/index.php?rest_route=\/wp\/v2\/pages"}],"about":[{"href":"https:\/\/yngsjobrodden.com\/index.php?rest_route=\/wp\/v2\/types\/page"}],"author":[{"embeddable":true,"href":"https:\/\/yngsjobrodden.com\/index.php?rest_route=\/wp\/v2\/users\/1"}],"replies":[{"embeddable":true,"href":"https:\/\/yngsjobrodden.com\/index.php?rest_route=%2Fwp%2Fv2%2Fcomments&post=81"}],"version-history":[{"count":19,"href":"https:\/\/yngsjobrodden.com\/index.php?rest_route=\/wp\/v2\/pages\/81\/revisions"}],"predecessor-version":[{"id":283,"href":"https:\/\/yngsjobrodden.com\/index.php?rest_route=\/wp\/v2\/pages\/81\/revisions\/283"}],"wp:attachment":[{"href":"https:\/\/yngsjobrodden.com\/index.php?rest_route=%2Fwp%2Fv2%2Fmedia&parent=81"}],"curies":[{"name":"wp","href":"https:\/\/api.w.org\/{rel}","templated":true}]}}